{"id":1399,"date":"2022-06-22T09:34:58","date_gmt":"2022-06-22T07:34:58","guid":{"rendered":"http:\/\/multisite.kikkutkunde.no\/elogitt\/?page_id=1399"},"modified":"2022-06-22T09:34:58","modified_gmt":"2022-06-22T07:34:58","slug":"lonns-og-arbeidsvilkar","status":"publish","type":"page","link":"https:\/\/ledd.elogit.no\/elogitt\/lonns-og-arbeidsvilkar\/","title":{"rendered":"L\u00f8nns- og arbeidsvilk\u00e5r"},"content":{"rendered":"","protected":false},"excerpt":{"rendered":"","protected":false},"author":3,"featured_media":0,"parent":0,"menu_order":0,"comment_status":"closed","ping_status":"closed","template":"","meta":{"footnotes":""},"maler":[11],"class_list":["post-1399","page","type-page","status-publish","hentry","maler-full-bredde-hovedsider"],"acf":[],"yoast_head":"<!-- This site is optimized with the Yoast SEO plugin v24.7 - https:\/\/yoast.com\/wordpress\/plugins\/seo\/ -->\n<title>L\u00f8nns- og arbeidsvilk\u00e5r - EL og IT Tr\u00f8ndelag<\/title>\n<meta name=\"robots\" content=\"noindex, follow, max-snippet:-1, max-image-preview:large, max-video-preview:-1\" \/>\n<meta property=\"og:locale\" content=\"nb_NO\" \/>\n<meta property=\"og:type\" content=\"article\" \/>\n<meta property=\"og:title\" content=\"L\u00f8nns- og arbeidsvilk\u00e5r - EL og IT Tr\u00f8ndelag\" \/>\n<meta property=\"og:url\" content=\"https:\/\/ledd.elogit.no\/elogitt\/lonns-og-arbeidsvilkar\/\" \/>\n<meta property=\"og:site_name\" content=\"EL og IT Tr\u00f8ndelag\" \/>\n<meta name=\"twitter:card\" content=\"summary_large_image\" \/>\n<script type=\"application\/ld+json\" class=\"yoast-schema-graph\">{\"@context\":\"https:\/\/schema.org\",\"@graph\":[{\"@type\":\"WebPage\",\"@id\":\"https:\/\/ledd.elogit.no\/elogitt\/lonns-og-arbeidsvilkar\/\",\"url\":\"https:\/\/ledd.elogit.no\/elogitt\/lonns-og-arbeidsvilkar\/\",\"name\":\"L\u00f8nns- og arbeidsvilk\u00e5r - EL og IT Tr\u00f8ndelag\",\"isPartOf\":{\"@id\":\"https:\/\/ledd.elogit.no\/elogitt\/#website\"},\"datePublished\":\"2022-06-22T07:34:58+00:00\",\"breadcrumb\":{\"@id\":\"https:\/\/ledd.elogit.no\/elogitt\/lonns-og-arbeidsvilkar\/#breadcrumb\"},\"inLanguage\":\"nb-NO\",\"potentialAction\":[{\"@type\":\"ReadAction\",\"target\":[\"https:\/\/ledd.elogit.no\/elogitt\/lonns-og-arbeidsvilkar\/\"]}]},{\"@type\":\"BreadcrumbList\",\"@id\":\"https:\/\/ledd.elogit.no\/elogitt\/lonns-og-arbeidsvilkar\/#breadcrumb\",\"itemListElement\":[{\"@type\":\"ListItem\",\"position\":1,\"name\":\"Hjem\",\"item\":\"https:\/\/ledd.elogit.no\/elogitt\/\"},{\"@type\":\"ListItem\",\"position\":2,\"name\":\"L\u00f8nns- og arbeidsvilk\u00e5r\"}]},{\"@type\":\"WebSite\",\"@id\":\"https:\/\/ledd.elogit.no\/elogitt\/#website\",\"url\":\"https:\/\/ledd.elogit.no\/elogitt\/\",\"name\":\"EL og IT Tr\u00f8ndelag\",\"description\":\"EL og IT Tr\u00f8ndelag\",\"potentialAction\":[{\"@type\":\"SearchAction\",\"target\":{\"@type\":\"EntryPoint\",\"urlTemplate\":\"https:\/\/ledd.elogit.no\/elogitt\/?s={search_term_string}\"},\"query-input\":{\"@type\":\"PropertyValueSpecification\",\"valueRequired\":true,\"valueName\":\"search_term_string\"}}],\"inLanguage\":\"nb-NO\"}]}<\/script>\n<!-- \/ Yoast SEO plugin. -->","yoast_head_json":{"title":"L\u00f8nns- og arbeidsvilk\u00e5r - EL og IT Tr\u00f8ndelag","robots":{"index":"noindex","follow":"follow","max-snippet":"max-snippet:-1","max-image-preview":"max-image-preview:large","max-video-preview":"max-video-preview:-1"},"og_locale":"nb_NO","og_type":"article","og_title":"L\u00f8nns- og arbeidsvilk\u00e5r - EL og IT Tr\u00f8ndelag","og_url":"https:\/\/ledd.elogit.no\/elogitt\/lonns-og-arbeidsvilkar\/","og_site_name":"EL og IT Tr\u00f8ndelag","twitter_card":"summary_large_image","schema":{"@context":"https:\/\/schema.org","@graph":[{"@type":"WebPage","@id":"https:\/\/ledd.elogit.no\/elogitt\/lonns-og-arbeidsvilkar\/","url":"https:\/\/ledd.elogit.no\/elogitt\/lonns-og-arbeidsvilkar\/","name":"L\u00f8nns- og arbeidsvilk\u00e5r - EL og IT Tr\u00f8ndelag","isPartOf":{"@id":"https:\/\/ledd.elogit.no\/elogitt\/#website"},"datePublished":"2022-06-22T07:34:58+00:00","breadcrumb":{"@id":"https:\/\/ledd.elogit.no\/elogitt\/lonns-og-arbeidsvilkar\/#breadcrumb"},"inLanguage":"nb-NO","potentialAction":[{"@type":"ReadAction","target":["https:\/\/ledd.elogit.no\/elogitt\/lonns-og-arbeidsvilkar\/"]}]},{"@type":"BreadcrumbList","@id":"https:\/\/ledd.elogit.no\/elogitt\/lonns-og-arbeidsvilkar\/#breadcrumb","itemListElement":[{"@type":"ListItem","position":1,"name":"Hjem","item":"https:\/\/ledd.elogit.no\/elogitt\/"},{"@type":"ListItem","position":2,"name":"L\u00f8nns- og arbeidsvilk\u00e5r"}]},{"@type":"WebSite","@id":"https:\/\/ledd.elogit.no\/elogitt\/#website","url":"https:\/\/ledd.elogit.no\/elogitt\/","name":"EL og IT Tr\u00f8ndelag","description":"EL og IT Tr\u00f8ndelag","potentialAction":[{"@type":"SearchAction","target":{"@type":"EntryPoint","urlTemplate":"https:\/\/ledd.elogit.no\/elogitt\/?s={search_term_string}"},"query-input":{"@type":"PropertyValueSpecification","valueRequired":true,"valueName":"search_term_string"}}],"inLanguage":"nb-NO"}]}},"_links":{"self":[{"href":"https:\/\/ledd.elogit.no\/elogitt\/wp-json\/wp\/v2\/pages\/1399","targetHints":{"allow":["GET"]}}],"collection":[{"href":"https:\/\/ledd.elogit.no\/elogitt\/wp-json\/wp\/v2\/pages"}],"about":[{"href":"https:\/\/ledd.elogit.no\/elogitt\/wp-json\/wp\/v2\/types\/page"}],"author":[{"embeddable":true,"href":"https:\/\/ledd.elogit.no\/elogitt\/wp-json\/wp\/v2\/users\/3"}],"replies":[{"embeddable":true,"href":"https:\/\/ledd.elogit.no\/elogitt\/wp-json\/wp\/v2\/comments?post=1399"}],"version-history":[{"count":0,"href":"https:\/\/ledd.elogit.no\/elogitt\/wp-json\/wp\/v2\/pages\/1399\/revisions"}],"wp:attachment":[{"href":"https:\/\/ledd.elogit.no\/elogitt\/wp-json\/wp\/v2\/media?parent=1399"}],"wp:term":[{"taxonomy":"maler","embeddable":true,"href":"https:\/\/ledd.elogit.no\/elogitt\/wp-json\/wp\/v2\/maler?post=1399"}],"curies":[{"name":"wp","href":"https:\/\/api.w.org\/{rel}","templated":true}]}}